{"id":1205,"date":"2015-07-16T09:12:51","date_gmt":"2015-07-16T09:12:51","guid":{"rendered":"https:\/\/ozakinsaat.com.tr\/bize-ulasin\/"},"modified":"2022-09-28T10:39:59","modified_gmt":"2022-09-28T07:39:59","slug":"contact-us","status":"publish","type":"page","link":"https:\/\/www.ozakinsaat.com.tr\/en\/contact-us\/","title":{"rendered":"Contact Us"},"content":{"rendered":"\n<style type=\"text\/css\" data-created_by=\"avia_inline_auto\" id=\"style-css-av-jmmi5q7g-937845ceba9e706a9fcd757837a496a7\">\n.avia-section.av-jmmi5q7g-937845ceba9e706a9fcd757837a496a7{\nbackground-repeat:no-repeat;\nbackground-image:url(https:\/\/www.ozakinsaat.com.tr\/wp-content\/uploads\/2018\/09\/ozak-insaat-ofis-1500x430.jpg);\nbackground-position:0% 0%;\nbackground-attachment:scroll;\n}\n.avia-section.av-jmmi5q7g-937845ceba9e706a9fcd757837a496a7 .av-section-color-overlay{\nopacity:0.6;\nbackground-color:#084a79;\n}\n<\/style>\n<div id='av_section_1'  class='avia-section av-jmmi5q7g-937845ceba9e706a9fcd757837a496a7 alternate_color avia-section-small avia-no-border-styling  avia-builder-el-0  el_before_av_section  avia-builder-el-first  avia-bg-style-scroll av-section-color-overlay-active container_wrap fullsize'  data-section-bg-repeat='no-repeat'><div class=\"av-section-color-overlay-wrap\"><div class=\"av-section-color-overlay\"><\/div><div class='container av-section-cont-open' ><main  role=\"main\" itemprop=\"mainContentOfPage\"  class='template-page content  av-content-full alpha units'><div class='post-entry post-entry-type-page post-entry-1205'><div class='entry-content-wrapper clearfix'>\n\n\n<\/div><\/div><\/main><!-- close content main element --><\/div><\/div><\/div><div id='av_section_2'  class='avia-section av-145nae-e484183ac2512e581c4d3ad1f4531c95 main_color avia-section-huge avia-no-shadow  avia-builder-el-2  el_after_av_section  avia-builder-el-last  avia-bg-style-scroll container_wrap fullsize'  ><div class='container av-section-cont-open' ><div class='template-page content  av-content-full alpha units'><div class='post-entry post-entry-type-page post-entry-1205'><div class='entry-content-wrapper clearfix'>\n\n<style type=\"text\/css\" data-created_by=\"avia_inline_auto\" id=\"style-css-av-1kbp16-3421f18de359c4df72201708db8118ca\">\n.flex_column.av-1kbp16-3421f18de359c4df72201708db8118ca{\nborder-radius:0px 0px 0px 0px;\npadding:0px 0px 0px 0px;\n}\n<\/style>\n<div  class='flex_column av-1kbp16-3421f18de359c4df72201708db8118ca av_one_half  avia-builder-el-3  el_before_av_one_half  avia-builder-el-first  first flex_column_div av-animated-generic bottom-to-top av-zero-column-padding  '     ><p>\n<style type=\"text\/css\" data-created_by=\"avia_inline_auto\" id=\"style-css-av-cxfis-26560ac319dc1c2fb1bc71e45111a8a0\">\n#top .av-special-heading.av-cxfis-26560ac319dc1c2fb1bc71e45111a8a0{\npadding-bottom:10px;\n}\nbody .av-special-heading.av-cxfis-26560ac319dc1c2fb1bc71e45111a8a0 .av-special-heading-tag .heading-char{\nfont-size:25px;\n}\n.av-special-heading.av-cxfis-26560ac319dc1c2fb1bc71e45111a8a0 .av-subheading{\nfont-size:15px;\n}\n<\/style>\n<div  class='av-special-heading av-cxfis-26560ac319dc1c2fb1bc71e45111a8a0 av-special-heading-h2 blockquote modern-quote  avia-builder-el-4  el_before_av_contact  avia-builder-el-first '><h2 class='av-special-heading-tag '  itemprop=\"headline\"  >Reach to us<\/h2><div class=\"special-heading-border\"><div class=\"special-heading-inner-border\"><\/div><\/div><\/div><br \/>\n<form action=\"https:\/\/www.ozakinsaat.com.tr\/en\/contact-us\/\" method=\"post\" data-fields-with-error=\"Found errors in the following field(s):\" class=\"avia_ajax_form av-form-labels-visible   avia-builder-el-5  el_after_av_heading  avia-builder-el-last   \" data-avia-form-id=\"1\" data-avia-redirect='' ><h3 class=''>Send us an email<\/h3><fieldset><p class='  first_form  form_element form_fullwidth' id='element_avia_1_1'><label for=\"avia_1_1\">Name <abbr class=\"required\" title=\"required\">*<\/abbr><\/label> <input name=\"avia_1_1\" class=\"text_input is_empty\" type=\"text\" id=\"avia_1_1\" value=\"\" \/><\/p><p class='  first_form  form_element form_fullwidth' id='element_avia_2_1'><label for=\"avia_2_1\">Email <abbr class=\"required\" title=\"required\">*<\/abbr><\/label> <input name=\"avia_2_1\" class=\"text_input is_email\" type=\"text\" id=\"avia_2_1\" value=\"\" \/><\/p><p class='  first_form  form_element form_fullwidth' id='element_avia_3_1'><label for=\"avia_3_1\">Subject <abbr class=\"required\" title=\"required\">*<\/abbr><\/label> <input name=\"avia_3_1\" class=\"text_input is_empty\" type=\"text\" id=\"avia_3_1\" value=\"\" \/><\/p><p class='  first_form  form_element form_fullwidth av-last-visible-form-element' id='element_avia_4_1'><label for=\"avia_4_1\" class=\"textare_label hidden textare_label_avia_4_1\">Message <abbr class=\"required\" title=\"required\">*<\/abbr><\/label><textarea  name=\"avia_4_1\" class=\"text_area is_empty\" cols=\"40\" rows=\"7\" id=\"avia_4_1\" ><\/textarea><\/p><p class=\"hidden\"><input type=\"text\" name=\"avia_5_1\" class=\"hidden \" id=\"avia_5_1\" value=\"\" \/><\/p><p class=\"form_element \"><input type=\"hidden\" value=\"1\" name=\"avia_generated_form1\" \/><input type=\"submit\" value=\"Send\" class=\"button\"  data-sending-label=\"Sending\"\/><\/p><\/fieldset><\/form><div id=\"ajaxresponse_1\" class=\"ajaxresponse ajaxresponse_1 hidden\"><\/div><\/p><\/div>\n<style type=\"text\/css\" data-created_by=\"avia_inline_auto\" id=\"style-css-av-1kbp16-1-fbb4188d87a6d51d28fa6f7df17132aa\">\n.flex_column.av-1kbp16-1-fbb4188d87a6d51d28fa6f7df17132aa{\nborder-radius:0px 0px 0px 0px;\npadding:0px 0px 0px 0px;\n}\n<\/style>\n<div  class='flex_column av-1kbp16-1-fbb4188d87a6d51d28fa6f7df17132aa av_one_half  avia-builder-el-6  el_after_av_one_half  avia-builder-el-last  flex_column_div av-animated-generic bottom-to-top av-zero-column-padding  '     ><p>\n<style type=\"text\/css\" data-created_by=\"avia_inline_auto\" id=\"style-css-av-93c2k-ce42df448984e237cbbefc02df1fff54\">\n#top .av-special-heading.av-93c2k-ce42df448984e237cbbefc02df1fff54{\npadding-bottom:10px;\n}\nbody .av-special-heading.av-93c2k-ce42df448984e237cbbefc02df1fff54 .av-special-heading-tag .heading-char{\nfont-size:25px;\n}\n.av-special-heading.av-93c2k-ce42df448984e237cbbefc02df1fff54 .av-subheading{\nfont-size:15px;\n}\n<\/style>\n<div  class='av-special-heading av-93c2k-ce42df448984e237cbbefc02df1fff54 av-special-heading-h2 blockquote modern-quote  avia-builder-el-7  el_before_av_textblock  avia-builder-el-first '><h2 class='av-special-heading-tag '  itemprop=\"headline\"  >Our Address<\/h2><div class=\"special-heading-border\"><div class=\"special-heading-inner-border\"><\/div><\/div><\/div><br \/>\n<section  class='av_textblock_section av-31jcro-8f40fdf8093e29e5674508d21fd71f16 '   itemscope=\"itemscope\" itemtype=\"https:\/\/schema.org\/CreativeWork\" ><div class='avia_textblock'  itemprop=\"text\" ><p><strong>\u00d6<\/strong><strong>zak \u0130n\u015faat Taahh\u00fct ve Ticaret A.\u015e.<\/strong><\/p>\n<p><strong>Sad\u0131ko\u011flu Plaza 5 No:12 Kat:2 Daire:51<\/strong><br \/>\nE\u011fitim Mahallesi, Ahsen \u00c7\u0131kmaz\u0131 Sokak &#8211; 34722 Kad\u0131k\u00f6y\/\u0130stanbul<\/p>\n<p><strong>info@ozakinsaat.com.tr<\/strong><br \/>\nTelefon: <a href=\"tel:+902163494998\">+ 90 216 349 49 98<\/a><br \/>\nFaks:\u00a0 \u00a0 \u00a0 + 90 216 349 92 44<\/p>\n<\/div><\/section><br \/>\n<section  class='av_textblock_section av-175vxm-479b44b47a6243a29a9685696cbab469 '   itemscope=\"itemscope\" itemtype=\"https:\/\/schema.org\/CreativeWork\" ><div class='avia_textblock'  itemprop=\"text\" ><p>You can reach us quickly using our contact form or contact information.<\/p>\n<\/div><\/section><\/p><\/div>\n","protected":false},"excerpt":{"rendered":"","protected":false},"author":1,"featured_media":0,"parent":0,"menu_order":0,"comment_status":"open","ping_status":"closed","template":"","meta":{"footnotes":""},"class_list":["post-1205","page","type-page","status-publish","hentry"],"_links":{"self":[{"href":"https:\/\/www.ozakinsaat.com.tr\/en\/wp-json\/wp\/v2\/pages\/1205","targetHints":{"allow":["GET"]}}],"collection":[{"href":"https:\/\/www.ozakinsaat.com.tr\/en\/wp-json\/wp\/v2\/pages"}],"about":[{"href":"https:\/\/www.ozakinsaat.com.tr\/en\/wp-json\/wp\/v2\/types\/page"}],"author":[{"embeddable":true,"href":"https:\/\/www.ozakinsaat.com.tr\/en\/wp-json\/wp\/v2\/users\/1"}],"replies":[{"embeddable":true,"href":"https:\/\/www.ozakinsaat.com.tr\/en\/wp-json\/wp\/v2\/comments?post=1205"}],"version-history":[{"count":6,"href":"https:\/\/www.ozakinsaat.com.tr\/en\/wp-json\/wp\/v2\/pages\/1205\/revisions"}],"predecessor-version":[{"id":1426,"href":"https:\/\/www.ozakinsaat.com.tr\/en\/wp-json\/wp\/v2\/pages\/1205\/revisions\/1426"}],"wp:attachment":[{"href":"https:\/\/www.ozakinsaat.com.tr\/en\/wp-json\/wp\/v2\/media?parent=1205"}],"curies":[{"name":"wp","href":"https:\/\/api.w.org\/{rel}","templated":true}]}}